{"id":617,"date":"2023-08-24T10:04:27","date_gmt":"2023-08-24T08:04:27","guid":{"rendered":"http:\/\/a9o.f9a.mytemp.website\/?page_id=617"},"modified":"2023-09-04T12:21:42","modified_gmt":"2023-09-04T10:21:42","slug":"elementor-617","status":"publish","type":"page","link":"https:\/\/proxicleaner.com\/index.php\/elementor-617\/","title":{"rendered":"Mentions l\u00e9gales"},"content":{"rendered":"\t\t<div data-elementor-type=\"wp-page\" data-elementor-id=\"617\" class=\"elementor elementor-617\" data-elementor-post-type=\"page\">\n\t\t\t\t<div class=\"elementor-element elementor-element-0def68e e-flex e-con-boxed e-con e-parent\" data-id=\"0def68e\" data-element_type=\"container\" data-e-type=\"container\">\n\t\t\t\t\t<div class=\"e-con-inner\">\n\t\t\t\t<div class=\"elementor-element elementor-element-cfb3d83 elementor-widget elementor-widget-heading\" data-id=\"cfb3d83\" data-element_type=\"widget\" data-e-type=\"widget\" data-widget_type=\"heading.default\">\n\t\t\t\t<div class=\"elementor-widget-container\">\n\t\t\t\t\t<h1 class=\"elementor-heading-title elementor-size-xl\">Mentions Legales<\/h1>\t\t\t\t<\/div>\n\t\t\t\t<\/div>\n\t\t\t\t<div class=\"elementor-element elementor-element-87b4016 elementor-widget elementor-widget-text-editor\" data-id=\"87b4016\" data-element_type=\"widget\" data-e-type=\"widget\" data-widget_type=\"text-editor.default\">\n\t\t\t\t<div class=\"elementor-widget-container\">\n\t\t\t\t\t\t\t\t\t<p><span style=\"vertical-align: inherit;\"><span style=\"vertical-align: inherit;\"><span style=\"vertical-align: inherit;\"><span style=\"vertical-align: inherit;\">Conform\u00e9ment aux dispositions de la loi n\u00b0 2004-575 du 21 juin 2004 pour la confiance en l&rsquo;\u00e9conomie num\u00e9rique, il est pr\u00e9cis\u00e9 aux utilisateurs du site proxicleaner l&rsquo;identit\u00e9 des diff\u00e9rents intervenants dans le cadre de sa r\u00e9alisation et de son suivi.<\/span><\/span><\/span><\/span><\/p><p><strong><span style=\"vertical-align: inherit;\"><span style=\"vertical-align: inherit;\"><span style=\"vertical-align: inherit;\"><span style=\"vertical-align: inherit;\">\u00c9dition du site\u00a0<\/span><\/span><\/span><\/span><\/strong><\/p><p><span style=\"vertical-align: inherit;\"><span style=\"vertical-align: inherit;\"><span style=\"vertical-align: inherit;\"><span style=\"vertical-align: inherit;\">Le pr\u00e9sent site, accessible \u00e0 l&rsquo;URL <\/span><\/span><\/span><\/span><a href=\"http:\/\/a9o.f9a.mytemp.website\"><span style=\"vertical-align: inherit;\"><span style=\"vertical-align: inherit;\"><span style=\"vertical-align: inherit;\"><span style=\"vertical-align: inherit;\">www.proxicleaner.com<\/span><\/span><\/span><\/span><\/a><span style=\"vertical-align: inherit;\"><span style=\"vertical-align: inherit;\"><span style=\"vertical-align: inherit;\"><span style=\"vertical-align: inherit;\"> \u00a0(le \u00ab Site \u00bb), est \u00e9dit\u00e9 par :<\/span><\/span><\/span><\/span><\/p><p><span style=\"vertical-align: inherit;\"><span style=\"vertical-align: inherit;\"><span style=\"vertical-align: inherit;\"><span style=\"vertical-align: inherit;\">Enzo CAMBORDE, r\u00e9sidant 23 Rue de Hardoy 64600 ANGLET, de nationalit\u00e9 Fran\u00e7aise (France), n\u00e9(e) le 19\/05\/1999,\u00a0<\/span><\/span><\/span><\/span><\/p><p><strong><span style=\"vertical-align: inherit;\"><span style=\"vertical-align: inherit;\"><span style=\"vertical-align: inherit;\"><span style=\"vertical-align: inherit;\">H\u00e9bergement<\/span><\/span><\/span><\/span><\/strong><\/p><p><span style=\"vertical-align: inherit;\"><span style=\"vertical-align: inherit;\"><span style=\"vertical-align: inherit;\"><span style=\"vertical-align: inherit;\">Le Site est h\u00e9berg\u00e9 par la soci\u00e9t\u00e9 PlanetHoster, situ\u00e9 4416 Louis-B.-Mayer Laval, Qu\u00e9bec Canada H7P 0G1, (contact t\u00e9l\u00e9phonique ou courriel : (+1) 855 774 4678).<\/span><\/span><\/span><\/span><\/p><p><strong><span style=\"vertical-align: inherit;\"><span style=\"vertical-align: inherit;\"><span style=\"vertical-align: inherit;\"><span style=\"vertical-align: inherit;\">Directeur de publication\u00a0<\/span><\/span><\/span><\/span><\/strong><\/p><p><span style=\"vertical-align: inherit;\"><span style=\"vertical-align: inherit;\"><span style=\"vertical-align: inherit;\"><span style=\"vertical-align: inherit;\">Le Directeur de la publication du Site est Enzo CAMBORDE.<\/span><\/span><\/span><\/span><\/p><p><strong><span style=\"vertical-align: inherit;\"><span style=\"vertical-align: inherit;\"><span style=\"vertical-align: inherit;\"><span style=\"vertical-align: inherit;\">Nous contactons\u00a0<\/span><\/span><\/span><\/span><\/strong><\/p><p><span style=\"vertical-align: inherit;\"><span style=\"vertical-align: inherit;\"><span style=\"vertical-align: inherit;\"><span style=\"vertical-align: inherit;\">Par t\u00e9l\u00e9phone : +33645040223<\/span><\/span><\/span><\/span><\/p><p><span style=\"vertical-align: inherit;\"><span style=\"vertical-align: inherit;\"><span style=\"vertical-align: inherit;\"><span style=\"vertical-align: inherit;\">Par email : <\/span><\/span><\/span><\/span><a href=\"mailto:infoproxicleaner@gmail.com\"><span style=\"vertical-align: inherit;\"><span style=\"vertical-align: inherit;\"><span style=\"vertical-align: inherit;\"><span style=\"vertical-align: inherit;\">infoproxicleaner@gmail.com<\/span><\/span><\/span><\/span><\/a><\/p><p><span style=\"vertical-align: inherit;\"><span style=\"vertical-align: inherit;\"><span style=\"vertical-align: inherit;\"><span style=\"vertical-align: inherit;\">Par courrier : 23 Rue de Hardoy 64600 ANGLET<\/span><\/span><\/span><\/span><\/p><p><strong><span style=\"vertical-align: inherit;\"><span style=\"vertical-align: inherit;\"><span style=\"vertical-align: inherit;\"><span style=\"vertical-align: inherit;\">Donn\u00e9es personnelles<\/span><\/span><\/span><\/span><\/strong><\/p><p><span style=\"vertical-align: inherit;\"><span style=\"vertical-align: inherit;\"><span style=\"vertical-align: inherit;\"><span style=\"vertical-align: inherit;\">Le traitement de vos donn\u00e9es \u00e0 caract\u00e8re personnel est r\u00e9gi par notre Charte du respect de la vie priv\u00e9e, disponible depuis la section \u00ab\u00a0Charte de Protection des Donn\u00e9es Personnelles\u00a0\u00bb, conform\u00e9ment au R\u00e8glement G\u00e9n\u00e9ral sur la Protection des Donn\u00e9es 2016\/679 du 27 avril 2016 ( \u00ab RGPD \u00bb).<\/span><\/span><\/span><\/span><\/p><p><strong>Credit images<\/strong><br \/><a href=\"https:\/\/fr.freepik.com\/icone\/canape_8634005#fromView=search&amp;term=washing+sofa&amp;page=1&amp;position=55\">Ic\u00f4ne de Icon home\u00a0<\/a><\/p><p><a href=\"https:\/\/fr.freepik.com\/search?format=search&amp;last_filter=query&amp;last_value=spray&amp;query=spray&amp;type=icon\">Ic\u00f4ne de Vectors<\/a><a style=\"font-size: 16px;\" href=\"https:\/\/fr.freepik.com\/search?format=search&amp;last_filter=query&amp;last_value=spray&amp;query=spray&amp;type=icon\">Tank<\/a><\/p><p><a href=\"https:\/\/fr.freepik.com\/search?format=search&amp;last_filter=query&amp;last_value=fan&amp;query=fan&amp;type=icon\">Ic\u00f4ne de Freepik<\/a><\/p>\t\t\t\t\t\t\t\t<\/div>\n\t\t\t\t<\/div>\n\t\t\t\t\t<\/div>\n\t\t\t\t<\/div>\n\t\t\t\t<\/div>\n\t\t","protected":false},"excerpt":{"rendered":"<p>Mentions Legales Conform\u00e9ment aux dispositions de la loi n\u00b0 2004-575 du 21 juin 2004 pour la confiance en l&rsquo;\u00e9conomie num\u00e9rique, il est pr\u00e9cis\u00e9 aux utilisateurs du site proxicleaner l&rsquo;identit\u00e9 des diff\u00e9rents intervenants dans le cadre de sa r\u00e9alisation et de son suivi. \u00c9dition du site\u00a0 Le pr\u00e9sent site, accessible \u00e0 l&rsquo;URL www.proxicleaner.com \u00a0(le \u00ab Site [&hellip;]<\/p>\n","protected":false},"author":3,"featured_media":0,"parent":0,"menu_order":0,"comment_status":"closed","ping_status":"closed","template":"","meta":{"content-type":"","site-sidebar-layout":"no-sidebar","site-content-layout":"page-builder","ast-site-content-layout":"default","site-content-style":"default","site-sidebar-style":"default","ast-global-header-display":"","ast-banner-title-visibility":"","ast-main-header-display":"","ast-hfb-above-header-display":"","ast-hfb-below-header-display":"","ast-hfb-mobile-header-display":"","site-post-title":"disabled","ast-breadcrumbs-content":"","ast-featured-img":"disabled","footer-sml-layout":"","ast-disable-related-posts":"","theme-transparent-header-meta":"","adv-header-id-meta":"","stick-header-meta":"","header-above-stick-meta":"","header-main-stick-meta":"","header-below-stick-meta":"","astra-migrate-meta-layouts":"default","ast-page-background-enabled":"default","ast-page-background-meta":{"desktop":{"background-color":"","background-image":"","background-repeat":"repeat","background-position":"center center","background-size":"auto","background-attachment":"scroll","background-type":"","background-media":"","overlay-type":"","overlay-color":"","overlay-opacity":"","overlay-gradient":""},"tablet":{"background-color":"","background-image":"","background-repeat":"repeat","background-position":"center center","background-size":"auto","background-attachment":"scroll","background-type":"","background-media":"","overlay-type":"","overlay-color":"","overlay-opacity":"","overlay-gradient":""},"mobile":{"background-color":"","background-image":"","background-repeat":"repeat","background-position":"center center","background-size":"auto","background-attachment":"scroll","background-type":"","background-media":"","overlay-type":"","overlay-color":"","overlay-opacity":"","overlay-gradient":""}},"ast-content-background-meta":{"desktop":{"background-color":"var(--ast-global-color-5)","background-image":"","background-repeat":"repeat","background-position":"center center","background-size":"auto","background-attachment":"scroll","background-type":"","background-media":"","overlay-type":"","overlay-color":"","overlay-opacity":"","overlay-gradient":""},"tablet":{"background-color":"var(--ast-global-color-5)","background-image":"","background-repeat":"repeat","background-position":"center center","background-size":"auto","background-attachment":"scroll","background-type":"","background-media":"","overlay-type":"","overlay-color":"","overlay-opacity":"","overlay-gradient":""},"mobile":{"background-color":"var(--ast-global-color-5)","background-image":"","background-repeat":"repeat","background-position":"center center","background-size":"auto","background-attachment":"scroll","background-type":"","background-media":"","overlay-type":"","overlay-color":"","overlay-opacity":"","overlay-gradient":""}},"footnotes":""},"class_list":["post-617","page","type-page","status-publish","hentry"],"yoast_head":"<!-- This site is optimized with the Yoast SEO plugin v27.4 - https:\/\/yoast.com\/product\/yoast-seo-wordpress\/ -->\n<title>Mentions l\u00e9gales - Proxicleaner<\/title>\n<meta name=\"robots\" content=\"index, follow, max-snippet:-1, max-image-preview:large, max-video-preview:-1\" \/>\n<link rel=\"canonical\" href=\"https:\/\/proxicleaner.com\/index.php\/elementor-617\/\" \/>\n<meta property=\"og:locale\" content=\"fr_FR\" \/>\n<meta property=\"og:type\" content=\"article\" \/>\n<meta property=\"og:title\" content=\"Mentions l\u00e9gales - Proxicleaner\" \/>\n<meta property=\"og:description\" content=\"Mentions Legales Conform\u00e9ment aux dispositions de la loi n\u00b0 2004-575 du 21 juin 2004 pour la confiance en l&rsquo;\u00e9conomie num\u00e9rique, il est pr\u00e9cis\u00e9 aux utilisateurs du site proxicleaner l&rsquo;identit\u00e9 des diff\u00e9rents intervenants dans le cadre de sa r\u00e9alisation et de son suivi. \u00c9dition du site\u00a0 Le pr\u00e9sent site, accessible \u00e0 l&rsquo;URL www.proxicleaner.com \u00a0(le \u00ab Site [&hellip;]\" \/>\n<meta property=\"og:url\" content=\"https:\/\/proxicleaner.com\/index.php\/elementor-617\/\" \/>\n<meta property=\"og:site_name\" content=\"Proxicleaner\" \/>\n<meta property=\"article:modified_time\" content=\"2023-09-04T10:21:42+00:00\" \/>\n<meta name=\"twitter:card\" content=\"summary_large_image\" \/>\n<meta name=\"twitter:label1\" content=\"Dur\u00e9e de lecture estim\u00e9e\" \/>\n\t<meta name=\"twitter:data1\" content=\"1 minute\" \/>\n<script type=\"application\/ld+json\" class=\"yoast-schema-graph\">{\"@context\":\"https:\\\/\\\/schema.org\",\"@graph\":[{\"@type\":\"WebPage\",\"@id\":\"https:\\\/\\\/proxicleaner.com\\\/index.php\\\/elementor-617\\\/\",\"url\":\"https:\\\/\\\/proxicleaner.com\\\/index.php\\\/elementor-617\\\/\",\"name\":\"Mentions l\u00e9gales - Proxicleaner\",\"isPartOf\":{\"@id\":\"https:\\\/\\\/proxicleaner.com\\\/#website\"},\"datePublished\":\"2023-08-24T08:04:27+00:00\",\"dateModified\":\"2023-09-04T10:21:42+00:00\",\"breadcrumb\":{\"@id\":\"https:\\\/\\\/proxicleaner.com\\\/index.php\\\/elementor-617\\\/#breadcrumb\"},\"inLanguage\":\"fr-FR\",\"potentialAction\":[{\"@type\":\"ReadAction\",\"target\":[\"https:\\\/\\\/proxicleaner.com\\\/index.php\\\/elementor-617\\\/\"]}]},{\"@type\":\"BreadcrumbList\",\"@id\":\"https:\\\/\\\/proxicleaner.com\\\/index.php\\\/elementor-617\\\/#breadcrumb\",\"itemListElement\":[{\"@type\":\"ListItem\",\"position\":1,\"name\":\"Accueil\",\"item\":\"https:\\\/\\\/proxicleaner.com\\\/\"},{\"@type\":\"ListItem\",\"position\":2,\"name\":\"Mentions l\u00e9gales\"}]},{\"@type\":\"WebSite\",\"@id\":\"https:\\\/\\\/proxicleaner.com\\\/#website\",\"url\":\"https:\\\/\\\/proxicleaner.com\\\/\",\"name\":\"Nettoyage professionnel \u00e0 domicile dans les Landes et le Pays Basque | ProxiCleaner\",\"description\":\"\",\"publisher\":{\"@id\":\"https:\\\/\\\/proxicleaner.com\\\/#organization\"},\"potentialAction\":[{\"@type\":\"SearchAction\",\"target\":{\"@type\":\"EntryPoint\",\"urlTemplate\":\"https:\\\/\\\/proxicleaner.com\\\/?s={search_term_string}\"},\"query-input\":{\"@type\":\"PropertyValueSpecification\",\"valueRequired\":true,\"valueName\":\"search_term_string\"}}],\"inLanguage\":\"fr-FR\"},{\"@type\":\"Organization\",\"@id\":\"https:\\\/\\\/proxicleaner.com\\\/#organization\",\"name\":\"Proxicleaner\",\"url\":\"https:\\\/\\\/proxicleaner.com\\\/\",\"logo\":{\"@type\":\"ImageObject\",\"inLanguage\":\"fr-FR\",\"@id\":\"https:\\\/\\\/proxicleaner.com\\\/#\\\/schema\\\/logo\\\/image\\\/\",\"url\":\"http:\\\/\\\/a9o.f9a.mytemp.website\\\/wp-content\\\/uploads\\\/2025\\\/04\\\/2-ICON.png\",\"contentUrl\":\"http:\\\/\\\/a9o.f9a.mytemp.website\\\/wp-content\\\/uploads\\\/2025\\\/04\\\/2-ICON.png\",\"width\":888,\"height\":930,\"caption\":\"Proxicleaner\"},\"image\":{\"@id\":\"https:\\\/\\\/proxicleaner.com\\\/#\\\/schema\\\/logo\\\/image\\\/\"}}]}<\/script>\n<!-- \/ Yoast SEO plugin. -->","yoast_head_json":{"title":"Mentions l\u00e9gales - Proxicleaner","robots":{"index":"index","follow":"follow","max-snippet":"max-snippet:-1","max-image-preview":"max-image-preview:large","max-video-preview":"max-video-preview:-1"},"canonical":"https:\/\/proxicleaner.com\/index.php\/elementor-617\/","og_locale":"fr_FR","og_type":"article","og_title":"Mentions l\u00e9gales - Proxicleaner","og_description":"Mentions Legales Conform\u00e9ment aux dispositions de la loi n\u00b0 2004-575 du 21 juin 2004 pour la confiance en l&rsquo;\u00e9conomie num\u00e9rique, il est pr\u00e9cis\u00e9 aux utilisateurs du site proxicleaner l&rsquo;identit\u00e9 des diff\u00e9rents intervenants dans le cadre de sa r\u00e9alisation et de son suivi. \u00c9dition du site\u00a0 Le pr\u00e9sent site, accessible \u00e0 l&rsquo;URL www.proxicleaner.com \u00a0(le \u00ab Site [&hellip;]","og_url":"https:\/\/proxicleaner.com\/index.php\/elementor-617\/","og_site_name":"Proxicleaner","article_modified_time":"2023-09-04T10:21:42+00:00","twitter_card":"summary_large_image","twitter_misc":{"Dur\u00e9e de lecture estim\u00e9e":"1 minute"},"schema":{"@context":"https:\/\/schema.org","@graph":[{"@type":"WebPage","@id":"https:\/\/proxicleaner.com\/index.php\/elementor-617\/","url":"https:\/\/proxicleaner.com\/index.php\/elementor-617\/","name":"Mentions l\u00e9gales - Proxicleaner","isPartOf":{"@id":"https:\/\/proxicleaner.com\/#website"},"datePublished":"2023-08-24T08:04:27+00:00","dateModified":"2023-09-04T10:21:42+00:00","breadcrumb":{"@id":"https:\/\/proxicleaner.com\/index.php\/elementor-617\/#breadcrumb"},"inLanguage":"fr-FR","potentialAction":[{"@type":"ReadAction","target":["https:\/\/proxicleaner.com\/index.php\/elementor-617\/"]}]},{"@type":"BreadcrumbList","@id":"https:\/\/proxicleaner.com\/index.php\/elementor-617\/#breadcrumb","itemListElement":[{"@type":"ListItem","position":1,"name":"Accueil","item":"https:\/\/proxicleaner.com\/"},{"@type":"ListItem","position":2,"name":"Mentions l\u00e9gales"}]},{"@type":"WebSite","@id":"https:\/\/proxicleaner.com\/#website","url":"https:\/\/proxicleaner.com\/","name":"Nettoyage professionnel \u00e0 domicile dans les Landes et le Pays Basque | ProxiCleaner","description":"","publisher":{"@id":"https:\/\/proxicleaner.com\/#organization"},"potentialAction":[{"@type":"SearchAction","target":{"@type":"EntryPoint","urlTemplate":"https:\/\/proxicleaner.com\/?s={search_term_string}"},"query-input":{"@type":"PropertyValueSpecification","valueRequired":true,"valueName":"search_term_string"}}],"inLanguage":"fr-FR"},{"@type":"Organization","@id":"https:\/\/proxicleaner.com\/#organization","name":"Proxicleaner","url":"https:\/\/proxicleaner.com\/","logo":{"@type":"ImageObject","inLanguage":"fr-FR","@id":"https:\/\/proxicleaner.com\/#\/schema\/logo\/image\/","url":"http:\/\/a9o.f9a.mytemp.website\/wp-content\/uploads\/2025\/04\/2-ICON.png","contentUrl":"http:\/\/a9o.f9a.mytemp.website\/wp-content\/uploads\/2025\/04\/2-ICON.png","width":888,"height":930,"caption":"Proxicleaner"},"image":{"@id":"https:\/\/proxicleaner.com\/#\/schema\/logo\/image\/"}}]}},"_links":{"self":[{"href":"https:\/\/proxicleaner.com\/index.php\/wp-json\/wp\/v2\/pages\/617","targetHints":{"allow":["GET"]}}],"collection":[{"href":"https:\/\/proxicleaner.com\/index.php\/wp-json\/wp\/v2\/pages"}],"about":[{"href":"https:\/\/proxicleaner.com\/index.php\/wp-json\/wp\/v2\/types\/page"}],"author":[{"embeddable":true,"href":"https:\/\/proxicleaner.com\/index.php\/wp-json\/wp\/v2\/users\/3"}],"replies":[{"embeddable":true,"href":"https:\/\/proxicleaner.com\/index.php\/wp-json\/wp\/v2\/comments?post=617"}],"version-history":[{"count":17,"href":"https:\/\/proxicleaner.com\/index.php\/wp-json\/wp\/v2\/pages\/617\/revisions"}],"predecessor-version":[{"id":681,"href":"https:\/\/proxicleaner.com\/index.php\/wp-json\/wp\/v2\/pages\/617\/revisions\/681"}],"wp:attachment":[{"href":"https:\/\/proxicleaner.com\/index.php\/wp-json\/wp\/v2\/media?parent=617"}],"curies":[{"name":"wp","href":"https:\/\/api.w.org\/{rel}","templated":true}]}}